{"id":583,"date":"2015-10-07T15:33:44","date_gmt":"2015-10-07T15:33:44","guid":{"rendered":"https:\/\/vivabasquet.com\/tienda\/?page_id=583"},"modified":"2020-10-04T00:10:08","modified_gmt":"2020-10-04T05:10:08","slug":"centro-de-atencion-al-cliente","status":"publish","type":"page","link":"https:\/\/vivabasquet.com\/tienda\/centro-de-atencion-al-cliente\/","title":{"rendered":"Centro de Atenci\u00f3n a Clientes"},"content":{"rendered":"<div class=\"wpb-content-wrapper\"><p>[vc_row][vc_column][vc_column_text]<\/p>\n<h2><span style=\"color: #000000;\"><strong>Centro de Atenci\u00f3n a Clientes<\/strong><\/span><\/h2>\n<p>Aqu\u00ed podr\u00e1s encontrar todos los medios de comunicaci\u00f3n con la Tienda Viva Basquet<\/p>\n<ul class=\"lstContactCenter\">\n<li class=\"atend_email\"><strong>Atenci\u00f3n por Correo electr\u00f3nico<\/strong> <span style=\"color: #f09c22;\"><a style=\"color: #f09c22;\" href=\"mailto:contacto@vivabasquet.com\">contacto@vivabasquet.com<\/a><\/span><\/li>\n<li class=\"antend_telefone\"><strong>Atenci\u00f3n por Tel\u00e9fono <\/strong>De Lunes a Viernes de 9hrs a las 18hrs<br \/>\nDesde el D.F.: 55 5651 2166<br \/>\nDel interior de la Rep\u00fablica con clave lada: 0155 5651 2166<\/li>\n<li class=\"atend_mail\"><strong>DUDAS O ACLARACIONES, AGR\u00c9GANOS:<\/strong>\n<p class=\"whats\"><i class=\"fa fa-whatsapp\" style=\"font-size: 22px;\"><\/i> 55 6286 7236<\/p>\n<\/li>\n<\/ul>\n<p>[\/vc_column_text][\/vc_column][\/vc_row]<\/p>\n<\/div>","protected":false},"excerpt":{"rendered":"<p>[vc_row][vc_column][vc_column_text] Centro de Atenci\u00f3n a Clientes Aqu\u00ed podr\u00e1s encontrar todos los medios de comunicaci\u00f3n con la Tienda Viva Basquet Atenci\u00f3n por Correo electr\u00f3nico contacto@vivabasquet.com Atenci\u00f3n por Tel\u00e9fono De Lunes a Viernes de 9hrs a las 18hrs Desde el D.F.: 55 &hellip; <a href=\"https:\/\/vivabasquet.com\/tienda\/centro-de-atencion-al-cliente\/\">Readmore<\/a><\/p>\n","protected":false},"author":1,"featured_media":0,"parent":0,"menu_order":0,"comment_status":"closed","ping_status":"closed","template":"","meta":{"pmpro_default_level":0,"footnotes":""},"aioseo_notices":[],"_links":{"self":[{"href":"https:\/\/vivabasquet.com\/tienda\/wp-json\/wp\/v2\/pages\/583"}],"collection":[{"href":"https:\/\/vivabasquet.com\/tienda\/wp-json\/wp\/v2\/pages"}],"about":[{"href":"https:\/\/vivabasquet.com\/tienda\/wp-json\/wp\/v2\/types\/page"}],"author":[{"embeddable":true,"href":"https:\/\/vivabasquet.com\/tienda\/wp-json\/wp\/v2\/users\/1"}],"replies":[{"embeddable":true,"href":"https:\/\/vivabasquet.com\/tienda\/wp-json\/wp\/v2\/comments?post=583"}],"version-history":[{"count":3,"href":"https:\/\/vivabasquet.com\/tienda\/wp-json\/wp\/v2\/pages\/583\/revisions"}],"predecessor-version":[{"id":7040,"href":"https:\/\/vivabasquet.com\/tienda\/wp-json\/wp\/v2\/pages\/583\/revisions\/7040"}],"wp:attachment":[{"href":"https:\/\/vivabasquet.com\/tienda\/wp-json\/wp\/v2\/media?parent=583"}],"curies":[{"name":"wp","href":"https:\/\/api.w.org\/{rel}","templated":true}]}}