{"id":6501,"date":"2020-09-28T23:40:35","date_gmt":"2020-09-29T04:40:35","guid":{"rendered":"https:\/\/vivabasquet.com\/tienda\/test\/?page_id=6501"},"modified":"2020-09-28T23:41:33","modified_gmt":"2020-09-29T04:41:33","slug":"nuestra-historia","status":"publish","type":"page","link":"https:\/\/vivabasquet.com\/tienda\/nuestra-historia\/","title":{"rendered":"Nuestra Historia"},"content":{"rendered":"<div class=\"wpb-content-wrapper\"><p>[vc_row][vc_column][vc_column_text]<\/p>\n<h2 class=\"page-title\" style=\"text-align: left;\"><span style=\"color: #000000;\"><strong>VIVA BASQUET<\/strong><\/span><\/h2>\n<h3 style=\"text-align: left;\"><strong>\u00bfQui\u00e9nes somos? <\/strong><\/h3>\n<p style=\"text-align: justify;\">Desde 1990 nuestra pasi\u00f3n ha sido llevar la mejor informaci\u00f3n del deporte r\u00e1faga a nuestros lectores quienes hicieron de VIVA BASQUET, la \u00fanica revista especializada en basquetbol, una de las publicaciones deportivas m\u00e1s importantes en M\u00e9xico. Adem\u00e1s, pasamos de ser un medio a convertirnos en promotores de deporte con la organizaci\u00f3n de torneos como los exitosos Streetball de Adidas y Sprite Ball de Coca-Cola, eventos que marcaron a una generaci\u00f3n y donde pudimos ver el surgimiento de varios jugadores que lograron cumplir el sue\u00f1o de jugar de manera profesional en M\u00e9xico.<\/p>\n<p style=\"text-align: justify;\">Hemos tenido la oportunidad de trabajar de la mano con las marcas m\u00e1s importantes ligadas al basquetbol, tales como Corona, Nike, Coca-Cola, FILA, PEPSICO, Pascual y varios m\u00e1s. El concepto Viva Basquet se vio reforzado con el programa de radio que se transmiti\u00f3 por m\u00e1s de 10 a\u00f1os a trav\u00e9s de la frecuencia de ABC Radio 760 AM, decenas de invitados,\u00a0 entrevistas inolvidables, charlas llenas de pasi\u00f3n y una gran interacci\u00f3n con el p\u00fablico, fue lo que logramos en ese lapso.<\/p>\n<p style=\"text-align: justify;\">Gracias a nuestros fieles lectores VIVA BASQUET logr\u00f3 el premio CANIEM (C\u00e1mara Nacional de la Industria Editorial Mexicana) como la mejor revista deportiva y se convirti\u00f3 adem\u00e1s en la Revista Oficial de la NBA en M\u00e9xico.<\/p>\n<p style=\"text-align: justify;\">M\u00e1s de 100 ediciones impresas, presencia en Juegos de Estrellas de la NBA, Finales, partidos de temporada regular, Juegos Ol\u00edmpicos, Mundiales y participaciones de las diferentes selecciones nacionales, as\u00ed como cobertura de las diversas ligas de basquetbol en M\u00e9xico, forman parte de nuestra experiencia.<\/p>\n<p style=\"text-align: justify;\">Hemos entrado de lleno a la era digital con el sitio <a href=\"https:\/\/www.vivabasquet.com\/\">vivabasquet.com<\/a>, con el cual hemos logrado seguir en el gusto del p\u00fablico amante del basquetbol, siendo el medio l\u00edder en M\u00e9xico, generando contenidos de calidad y creando experiencias tanto para nuestros clientes como para nuestro p\u00fablico. Pero sobre todo manteniendo el compromiso de llevar a nuestros seguidores la mejor informaci\u00f3n con el estilo que nos ha llevado a cumplir casi tres d\u00e9cadas de vida.<\/p>\n<p>[\/vc_column_text][\/vc_column][\/vc_row]<\/p>\n<\/div>","protected":false},"excerpt":{"rendered":"<p>[vc_row][vc_column][vc_column_text] VIVA BASQUET \u00bfQui\u00e9nes somos? Desde 1990 nuestra pasi\u00f3n ha sido llevar la mejor informaci\u00f3n del deporte r\u00e1faga a nuestros lectores quienes hicieron de VIVA BASQUET, la \u00fanica revista especializada en basquetbol, una de las publicaciones deportivas m\u00e1s importantes en &hellip; <a href=\"https:\/\/vivabasquet.com\/tienda\/nuestra-historia\/\">Readmore<\/a><\/p>\n","protected":false},"author":1,"featured_media":0,"parent":0,"menu_order":0,"comment_status":"closed","ping_status":"closed","template":"","meta":{"pmpro_default_level":0,"footnotes":""},"aioseo_notices":[],"_links":{"self":[{"href":"https:\/\/vivabasquet.com\/tienda\/wp-json\/wp\/v2\/pages\/6501"}],"collection":[{"href":"https:\/\/vivabasquet.com\/tienda\/wp-json\/wp\/v2\/pages"}],"about":[{"href":"https:\/\/vivabasquet.com\/tienda\/wp-json\/wp\/v2\/types\/page"}],"author":[{"embeddable":true,"href":"https:\/\/vivabasquet.com\/tienda\/wp-json\/wp\/v2\/users\/1"}],"replies":[{"embeddable":true,"href":"https:\/\/vivabasquet.com\/tienda\/wp-json\/wp\/v2\/comments?post=6501"}],"version-history":[{"count":2,"href":"https:\/\/vivabasquet.com\/tienda\/wp-json\/wp\/v2\/pages\/6501\/revisions"}],"predecessor-version":[{"id":6504,"href":"https:\/\/vivabasquet.com\/tienda\/wp-json\/wp\/v2\/pages\/6501\/revisions\/6504"}],"wp:attachment":[{"href":"https:\/\/vivabasquet.com\/tienda\/wp-json\/wp\/v2\/media?parent=6501"}],"curies":[{"name":"wp","href":"https:\/\/api.w.org\/{rel}","templated":true}]}}