{"id":1261,"date":"2016-08-26T17:23:30","date_gmt":"2016-08-26T22:23:30","guid":{"rendered":"https:\/\/vivabasquet.com\/tienda\/?post_type=product&#038;p=1261"},"modified":"2023-08-03T11:11:35","modified_gmt":"2023-08-03T16:11:35","slug":"termo-de-basquetbol-diseno-de-triangular","status":"publish","type":"product","link":"https:\/\/vivabasquet.com\/tienda\/product\/termo-de-basquetbol-diseno-de-triangular\/","title":{"rendered":"Termo de basquetbol dise\u00f1o de triangular"},"content":{"rendered":"<ul>\n<li>Termo de metal con tapa de rosca.<\/li>\n<li>Incluye mosquet\u00f3n para colgar de donde sea.<\/li>\n<li>Dise\u00f1o \u00fanico<\/li>\n<li>600ml<\/li>\n<\/ul>\n","protected":false},"excerpt":{"rendered":"<p>Termo de metal con tapa de rosca. Incluye mosquet\u00f3n para colgar de donde sea. Dise\u00f1o \u00fanico 600ml<\/p>\n","protected":false},"featured_media":1265,"comment_status":"open","ping_status":"closed","template":"","meta":{"pmpro_default_level":0},"product_cat":[274,114,252,223],"product_tag":[],"aioseo_notices":[],"_links":{"self":[{"href":"https:\/\/vivabasquet.com\/tienda\/wp-json\/wp\/v2\/product\/1261"}],"collection":[{"href":"https:\/\/vivabasquet.com\/tienda\/wp-json\/wp\/v2\/product"}],"about":[{"href":"https:\/\/vivabasquet.com\/tienda\/wp-json\/wp\/v2\/types\/product"}],"replies":[{"embeddable":true,"href":"https:\/\/vivabasquet.com\/tienda\/wp-json\/wp\/v2\/comments?post=1261"}],"wp:featuredmedia":[{"embeddable":true,"href":"https:\/\/vivabasquet.com\/tienda\/wp-json\/wp\/v2\/media\/1265"}],"wp:attachment":[{"href":"https:\/\/vivabasquet.com\/tienda\/wp-json\/wp\/v2\/media?parent=1261"}],"wp:term":[{"taxonomy":"product_cat","embeddable":true,"href":"https:\/\/vivabasquet.com\/tienda\/wp-json\/wp\/v2\/product_cat?post=1261"},{"taxonomy":"product_tag","embeddable":true,"href":"https:\/\/vivabasquet.com\/tienda\/wp-json\/wp\/v2\/product_tag?post=1261"}],"curies":[{"name":"wp","href":"https:\/\/api.w.org\/{rel}","templated":true}]}}