{"id":1355,"date":"2016-10-06T13:34:11","date_gmt":"2016-10-06T18:34:11","guid":{"rendered":"https:\/\/vivabasquet.com\/tienda\/producto\/balones\/"},"modified":"2022-01-07T13:01:37","modified_gmt":"2022-01-07T19:01:37","slug":"playera-de-basquetbol-balones","status":"publish","type":"product","link":"https:\/\/vivabasquet.com\/tienda\/product\/playera-de-basquetbol-balones\/","title":{"rendered":"Playera De Basquetbol &#8211; Balones"},"content":{"rendered":"<p>Playera para hombre color gris con dise\u00f1o \u00fanico de 3 balones de basquetbol girando.<br \/>\n50% poli\u00e9ster 50% algod\u00f3n.<\/p>\n","protected":false},"excerpt":{"rendered":"<p>Playera para hombre color gris con dise\u00f1o \u00fanico de 3 balones de basquetbol girando. 50% poli\u00e9ster 50% algod\u00f3n.<\/p>\n","protected":false},"featured_media":1341,"comment_status":"open","ping_status":"closed","template":"","meta":{"pmpro_default_level":0},"product_cat":[258,274,134,126,272,141,127],"product_tag":[],"aioseo_notices":[],"_links":{"self":[{"href":"https:\/\/vivabasquet.com\/tienda\/wp-json\/wp\/v2\/product\/1355"}],"collection":[{"href":"https:\/\/vivabasquet.com\/tienda\/wp-json\/wp\/v2\/product"}],"about":[{"href":"https:\/\/vivabasquet.com\/tienda\/wp-json\/wp\/v2\/types\/product"}],"replies":[{"embeddable":true,"href":"https:\/\/vivabasquet.com\/tienda\/wp-json\/wp\/v2\/comments?post=1355"}],"wp:featuredmedia":[{"embeddable":true,"href":"https:\/\/vivabasquet.com\/tienda\/wp-json\/wp\/v2\/media\/1341"}],"wp:attachment":[{"href":"https:\/\/vivabasquet.com\/tienda\/wp-json\/wp\/v2\/media?parent=1355"}],"wp:term":[{"taxonomy":"product_cat","embeddable":true,"href":"https:\/\/vivabasquet.com\/tienda\/wp-json\/wp\/v2\/product_cat?post=1355"},{"taxonomy":"product_tag","embeddable":true,"href":"https:\/\/vivabasquet.com\/tienda\/wp-json\/wp\/v2\/product_tag?post=1355"}],"curies":[{"name":"wp","href":"https:\/\/api.w.org\/{rel}","templated":true}]}}