{"id":1365,"date":"2016-10-06T13:35:12","date_gmt":"2016-10-06T18:35:12","guid":{"rendered":"https:\/\/vivabasquet.com\/tienda\/producto\/like-a-girl\/"},"modified":"2022-03-08T16:54:35","modified_gmt":"2022-03-08T22:54:35","slug":"playera-de-basquetbol-para-mujer-play-like-a-girl","status":"publish","type":"product","link":"https:\/\/vivabasquet.com\/tienda\/product\/playera-de-basquetbol-para-mujer-play-like-a-girl\/","title":{"rendered":"Playera De Basquetbol Para Mujer &#8211; Play Like A Girl"},"content":{"rendered":"<p>Playera para mujer color blanco con dise\u00f1o \u00fanico &#8220;play like a girl&#8221;.<br \/>\n50% poli\u00e9ster 50% algod\u00f3n.<\/p>\n","protected":false},"excerpt":{"rendered":"<p>Playera para mujer color blanco con dise\u00f1o \u00fanico &#8220;play like a girl&#8221;. 50% poli\u00e9ster 50% algod\u00f3n.<\/p>\n","protected":false},"featured_media":1342,"comment_status":"open","ping_status":"closed","template":"","meta":{"pmpro_default_level":0},"product_cat":[258,274,252,125,126,272,141,127],"product_tag":[],"aioseo_notices":[],"_links":{"self":[{"href":"https:\/\/vivabasquet.com\/tienda\/wp-json\/wp\/v2\/product\/1365"}],"collection":[{"href":"https:\/\/vivabasquet.com\/tienda\/wp-json\/wp\/v2\/product"}],"about":[{"href":"https:\/\/vivabasquet.com\/tienda\/wp-json\/wp\/v2\/types\/product"}],"replies":[{"embeddable":true,"href":"https:\/\/vivabasquet.com\/tienda\/wp-json\/wp\/v2\/comments?post=1365"}],"wp:featuredmedia":[{"embeddable":true,"href":"https:\/\/vivabasquet.com\/tienda\/wp-json\/wp\/v2\/media\/1342"}],"wp:attachment":[{"href":"https:\/\/vivabasquet.com\/tienda\/wp-json\/wp\/v2\/media?parent=1365"}],"wp:term":[{"taxonomy":"product_cat","embeddable":true,"href":"https:\/\/vivabasquet.com\/tienda\/wp-json\/wp\/v2\/product_cat?post=1365"},{"taxonomy":"product_tag","embeddable":true,"href":"https:\/\/vivabasquet.com\/tienda\/wp-json\/wp\/v2\/product_tag?post=1365"}],"curies":[{"name":"wp","href":"https:\/\/api.w.org\/{rel}","templated":true}]}}