{"id":1375,"date":"2016-10-06T13:35:33","date_gmt":"2016-10-06T18:35:33","guid":{"rendered":"https:\/\/vivabasquet.com\/tienda\/producto\/musica-y-basquetbol\/"},"modified":"2021-11-10T20:52:50","modified_gmt":"2021-11-11T02:52:50","slug":"playera-de-basquetbol-musica-y-basquet","status":"publish","type":"product","link":"https:\/\/vivabasquet.com\/tienda\/product\/playera-de-basquetbol-musica-y-basquet\/","title":{"rendered":"Playera De Basquetbol &#8211; M\u00fasica y Basquet"},"content":{"rendered":"<p>Playera para hombre color negro con dise\u00f1o \u00fanico de m\u00fasica y basquetbol.<br \/>\n50% poli\u00e9ster 50% algod\u00f3n.<\/p>\n","protected":false},"excerpt":{"rendered":"<p>Playera para hombre color negro con dise\u00f1o \u00fanico de m\u00fasica y basquetbol. 50% poli\u00e9ster 50% algod\u00f3n.<\/p>\n","protected":false},"featured_media":1797,"comment_status":"open","ping_status":"closed","template":"","meta":{"pmpro_default_level":0},"product_cat":[258,134,126,272,141,127],"product_tag":[],"aioseo_notices":[],"_links":{"self":[{"href":"https:\/\/vivabasquet.com\/tienda\/wp-json\/wp\/v2\/product\/1375"}],"collection":[{"href":"https:\/\/vivabasquet.com\/tienda\/wp-json\/wp\/v2\/product"}],"about":[{"href":"https:\/\/vivabasquet.com\/tienda\/wp-json\/wp\/v2\/types\/product"}],"replies":[{"embeddable":true,"href":"https:\/\/vivabasquet.com\/tienda\/wp-json\/wp\/v2\/comments?post=1375"}],"wp:featuredmedia":[{"embeddable":true,"href":"https:\/\/vivabasquet.com\/tienda\/wp-json\/wp\/v2\/media\/1797"}],"wp:attachment":[{"href":"https:\/\/vivabasquet.com\/tienda\/wp-json\/wp\/v2\/media?parent=1375"}],"wp:term":[{"taxonomy":"product_cat","embeddable":true,"href":"https:\/\/vivabasquet.com\/tienda\/wp-json\/wp\/v2\/product_cat?post=1375"},{"taxonomy":"product_tag","embeddable":true,"href":"https:\/\/vivabasquet.com\/tienda\/wp-json\/wp\/v2\/product_tag?post=1375"}],"curies":[{"name":"wp","href":"https:\/\/api.w.org\/{rel}","templated":true}]}}