{"id":1715,"date":"2017-04-19T13:21:56","date_gmt":"2017-04-19T18:21:56","guid":{"rendered":"https:\/\/vivabasquet.com\/tienda\/?post_type=product&#038;p=1715"},"modified":"2022-03-09T11:44:41","modified_gmt":"2022-03-09T17:44:41","slug":"balon-de-basquet-official-game-ball-nba-spalding","status":"publish","type":"product","link":"https:\/\/vivabasquet.com\/tienda\/product\/balon-de-basquet-official-game-ball-nba-spalding\/","title":{"rendered":"Bal\u00f3n de basquet Official Game Ball NBA Spalding"},"content":{"rendered":"<p>Bal\u00f3n Spalding NBA Oficial, para sentirte un jugador de la NBA. Con dise\u00f1o cl\u00e1sico para mejor agarre y menos deslizamiento.<\/p>\n<p>Piel aut\u00e9ntica.<br \/>\nConstrucci\u00f3n duradera.<br \/>\nF\u00e1cil manejo y control.<br \/>\nPara uso en interior<br \/>\nTama\u00f1o 7.<\/p>\n","protected":false},"excerpt":{"rendered":"<p>Bal\u00f3n Spalding NBA Oficial, para sentirte un jugador de la NBA. Con dise\u00f1o cl\u00e1sico para mejor agarre y menos deslizamiento.<\/p>\n<p>Construcci\u00f3n duradera.<br \/>\nF\u00e1cil manejo y control.<br \/>\nPara uso en interior<br \/>\nTama\u00f1o 7.<br \/>\nPiel aut\u00e9ntica.<\/p>\n","protected":false},"featured_media":5877,"comment_status":"open","ping_status":"closed","template":"","meta":{"pmpro_default_level":0},"product_cat":[119,120],"product_tag":[],"aioseo_notices":[],"_links":{"self":[{"href":"https:\/\/vivabasquet.com\/tienda\/wp-json\/wp\/v2\/product\/1715"}],"collection":[{"href":"https:\/\/vivabasquet.com\/tienda\/wp-json\/wp\/v2\/product"}],"about":[{"href":"https:\/\/vivabasquet.com\/tienda\/wp-json\/wp\/v2\/types\/product"}],"replies":[{"embeddable":true,"href":"https:\/\/vivabasquet.com\/tienda\/wp-json\/wp\/v2\/comments?post=1715"}],"wp:featuredmedia":[{"embeddable":true,"href":"https:\/\/vivabasquet.com\/tienda\/wp-json\/wp\/v2\/media\/5877"}],"wp:attachment":[{"href":"https:\/\/vivabasquet.com\/tienda\/wp-json\/wp\/v2\/media?parent=1715"}],"wp:term":[{"taxonomy":"product_cat","embeddable":true,"href":"https:\/\/vivabasquet.com\/tienda\/wp-json\/wp\/v2\/product_cat?post=1715"},{"taxonomy":"product_tag","embeddable":true,"href":"https:\/\/vivabasquet.com\/tienda\/wp-json\/wp\/v2\/product_tag?post=1715"}],"curies":[{"name":"wp","href":"https:\/\/api.w.org\/{rel}","templated":true}]}}