{"id":2111,"date":"2018-03-06T14:32:02","date_gmt":"2018-03-06T20:32:02","guid":{"rendered":"https:\/\/vivabasquet.com\/tienda\/?post_type=product&#038;p=2111"},"modified":"2021-05-28T20:34:31","modified_gmt":"2021-05-29T01:34:31","slug":"paquete-entrenamiento-de-basquetbol-vor-sports-zurdo","status":"publish","type":"product","link":"https:\/\/vivabasquet.com\/tienda\/product\/paquete-entrenamiento-de-basquetbol-vor-sports-zurdo\/","title":{"rendered":"Paquete Entrenamiento de Basquetbol Vor Sports (Zurdo)"},"content":{"rendered":"<h3><strong>Lentes de Drible:<\/strong><\/h3>\n<p>El dise\u00f1o de estos lentes, ayuda a los jugadores a realizar el regate y manejar el bal\u00f3n sin tener que mirar hacia abajo, no interfieren con el disparo.<\/p>\n<h3><strong>Paleta de Tiro:<\/strong><\/h3>\n<p>Se emplea en el baloncesto para aprender a dar direcci\u00f3n correcta al tiro.<\/p>\n<table class=\"propiedadesTabla\">\n<tbody>\n<tr>\n<td><strong><span style=\"color: #f29c20;\">Di\u00e1metro<\/span><\/strong><\/td>\n<td><\/td>\n<td><strong><span style=\"color: #f29c20;\">Peso<\/span><\/strong><\/td>\n<\/tr>\n<tr>\n<td>23 cm<\/td>\n<td>&#8211;<\/td>\n<td>145 g<\/td>\n<\/tr>\n<\/tbody>\n<\/table>\n<h3><strong>Cuerda para Saltar:<\/strong><\/h3>\n<p>Esta entretenida pr\u00e1ctica deportiva est\u00e1 disponible en varios colores y longitudes. Ideal para aumentar tu condici\u00f3n f\u00edsica.<\/p>\n<p><strong>Escoge tu tama\u00f1o de acuerdo a tu altura.<\/strong><\/p>\n<table class=\"propiedadesTabla\">\n<tbody>\n<tr>\n<td><strong><span style=\"color: #f29c20;\">Estatura<\/span><\/strong><\/td>\n<td><\/td>\n<td><strong><span style=\"color: #f29c20;\">Tama\u00f1o de la cuerda<\/span><\/strong><\/td>\n<\/tr>\n<tr>\n<td>1.50 mt<\/td>\n<td>&#8211;<\/td>\n<td>Chica: 2.15 mt<\/td>\n<\/tr>\n<tr>\n<td>1.50 a 1.70 mt<\/td>\n<td>&#8211;<\/td>\n<td>Mediana: 2.45 mt<\/td>\n<\/tr>\n<tr>\n<td>1.70 a 18.5 mt<\/td>\n<td>&#8211;<\/td>\n<td>Grande: 2.75 mt<\/td>\n<\/tr>\n<\/tbody>\n<\/table>\n","protected":false},"excerpt":{"rendered":"<h3><strong>Lentes de Drible:<\/strong><\/h3>\n<p>El dise\u00f1o de estos lentes, ayuda a los jugadores a realizar el regate y manejar el bal\u00f3n sin tener que mirar hacia abajo, no interfieren con el disparo.<\/p>\n<h3><strong>Paleta de Tiro:<\/strong><\/h3>\n<p>Se emplea en el baloncesto para aprender a dar direcci\u00f3n correcta al tiro.<\/p>\n<table class=\"propiedadesTabla\">\n<tbody>\n<tr>\n<td><strong><span style=\"color: #f29c20;\">Di\u00e1metro<\/span><\/strong><\/td>\n<td><\/td>\n<td><strong><span style=\"color: #f29c20;\">Peso<\/span><\/strong><\/td>\n<\/tr>\n<tr>\n<td>23 cm<\/td>\n<td>&#8211;<\/td>\n<td>145 g<\/td>\n<\/tr>\n<\/tbody>\n<\/table>\n<h3><strong>Cuerda para Saltar:<\/strong><\/h3>\n<p>Esta entretenida pr\u00e1ctica deportiva est\u00e1 disponible en varios colores y longitudes. Ideal para aumentar tu condici\u00f3n f\u00edsica.<\/p>\n<p><strong>Escoge tu tama\u00f1o de acuerdo a tu altura.<\/strong><\/p>\n<table class=\"propiedadesTabla\">\n<tbody>\n<tr>\n<td><strong><span style=\"color: #f29c20;\">Estatura<\/span><\/strong><\/td>\n<td><\/td>\n<td><strong><span style=\"color: #f29c20;\">Tama\u00f1o de la cuerda<\/span><\/strong><\/td>\n<\/tr>\n<tr>\n<td>1.50 mt<\/td>\n<td>&#8211;<\/td>\n<td>Chica: 2.15 mt<\/td>\n<\/tr>\n<tr>\n<td>1.50 a 1.70 mt<\/td>\n<td>&#8211;<\/td>\n<td>Mediana: 2.45 mt<\/td>\n<\/tr>\n<tr>\n<td>1.70 a 18.5 mt<\/td>\n<td>&#8211;<\/td>\n<td>Grande: 2.75 mt<\/td>\n<\/tr>\n<\/tbody>\n<\/table>\n","protected":false},"featured_media":2110,"comment_status":"open","ping_status":"closed","template":"","meta":{"pmpro_default_level":0},"product_cat":[166,132,141],"product_tag":[],"aioseo_notices":[],"_links":{"self":[{"href":"https:\/\/vivabasquet.com\/tienda\/wp-json\/wp\/v2\/product\/2111"}],"collection":[{"href":"https:\/\/vivabasquet.com\/tienda\/wp-json\/wp\/v2\/product"}],"about":[{"href":"https:\/\/vivabasquet.com\/tienda\/wp-json\/wp\/v2\/types\/product"}],"replies":[{"embeddable":true,"href":"https:\/\/vivabasquet.com\/tienda\/wp-json\/wp\/v2\/comments?post=2111"}],"wp:featuredmedia":[{"embeddable":true,"href":"https:\/\/vivabasquet.com\/tienda\/wp-json\/wp\/v2\/media\/2110"}],"wp:attachment":[{"href":"https:\/\/vivabasquet.com\/tienda\/wp-json\/wp\/v2\/media?parent=2111"}],"wp:term":[{"taxonomy":"product_cat","embeddable":true,"href":"https:\/\/vivabasquet.com\/tienda\/wp-json\/wp\/v2\/product_cat?post=2111"},{"taxonomy":"product_tag","embeddable":true,"href":"https:\/\/vivabasquet.com\/tienda\/wp-json\/wp\/v2\/product_tag?post=2111"}],"curies":[{"name":"wp","href":"https:\/\/api.w.org\/{rel}","templated":true}]}}