{"id":244,"date":"2015-10-05T14:44:50","date_gmt":"2015-10-05T19:44:50","guid":{"rendered":"https:\/\/vivabasquet.com\/tienda\/producto\/playera-negra\/"},"modified":"2022-03-08T17:09:56","modified_gmt":"2022-03-08T23:09:56","slug":"playera-de-basquetbol-mano-de-espuma","status":"publish","type":"product","link":"https:\/\/vivabasquet.com\/tienda\/product\/playera-de-basquetbol-mano-de-espuma\/","title":{"rendered":"Playera De Basquetbol &#8211; Mano De Espuma"},"content":{"rendered":"<p>Playera para hombre color negro\u00a0con\u00a0un dise\u00f1o de una mano y un bal\u00f3n en naranja.<br \/>\n50% poli\u00e9ster 50% algod\u00f3n.<\/p>\n","protected":false},"excerpt":{"rendered":"<p>Playera para hombre color negro\u00a0con\u00a0un dise\u00f1o de una mano y un bal\u00f3n en naranja. 50% poli\u00e9ster 50% algod\u00f3n.<\/p>\n","protected":false},"featured_media":195,"comment_status":"open","ping_status":"closed","template":"","meta":{"pmpro_default_level":0},"product_cat":[258,274,134,126,272,141,127],"product_tag":[],"aioseo_notices":[],"_links":{"self":[{"href":"https:\/\/vivabasquet.com\/tienda\/wp-json\/wp\/v2\/product\/244"}],"collection":[{"href":"https:\/\/vivabasquet.com\/tienda\/wp-json\/wp\/v2\/product"}],"about":[{"href":"https:\/\/vivabasquet.com\/tienda\/wp-json\/wp\/v2\/types\/product"}],"replies":[{"embeddable":true,"href":"https:\/\/vivabasquet.com\/tienda\/wp-json\/wp\/v2\/comments?post=244"}],"wp:featuredmedia":[{"embeddable":true,"href":"https:\/\/vivabasquet.com\/tienda\/wp-json\/wp\/v2\/media\/195"}],"wp:attachment":[{"href":"https:\/\/vivabasquet.com\/tienda\/wp-json\/wp\/v2\/media?parent=244"}],"wp:term":[{"taxonomy":"product_cat","embeddable":true,"href":"https:\/\/vivabasquet.com\/tienda\/wp-json\/wp\/v2\/product_cat?post=244"},{"taxonomy":"product_tag","embeddable":true,"href":"https:\/\/vivabasquet.com\/tienda\/wp-json\/wp\/v2\/product_tag?post=244"}],"curies":[{"name":"wp","href":"https:\/\/api.w.org\/{rel}","templated":true}]}}