{"id":2492,"date":"2018-06-07T22:09:17","date_gmt":"2018-06-08T03:09:17","guid":{"rendered":"https:\/\/vivabasquet.com\/tienda\/?post_type=product&#038;p=2492"},"modified":"2022-03-08T16:38:17","modified_gmt":"2022-03-08T22:38:17","slug":"playera-de-basquetbol-gusano-en-sneakers","status":"publish","type":"product","link":"https:\/\/vivabasquet.com\/tienda\/product\/playera-de-basquetbol-gusano-en-sneakers\/","title":{"rendered":"Playera De Basquetbol &#8211; Gusano En Sneakers"},"content":{"rendered":"<p>Playera para hombre color blanco con dise\u00f1o \u00fanico de gusano en sneakers.<br \/>\n50% poli\u00e9ster 50% algod\u00f3n.<\/p>\n","protected":false},"excerpt":{"rendered":"<p>Playera para hombre color blanco con dise\u00f1o \u00fanico de gusano en sneakers. 50% poli\u00e9ster 50% algod\u00f3n.<\/p>\n","protected":false},"featured_media":2498,"comment_status":"open","ping_status":"closed","template":"","meta":{"pmpro_default_level":0},"product_cat":[258,274,134,126,272,141,127],"product_tag":[],"aioseo_notices":[],"_links":{"self":[{"href":"https:\/\/vivabasquet.com\/tienda\/wp-json\/wp\/v2\/product\/2492"}],"collection":[{"href":"https:\/\/vivabasquet.com\/tienda\/wp-json\/wp\/v2\/product"}],"about":[{"href":"https:\/\/vivabasquet.com\/tienda\/wp-json\/wp\/v2\/types\/product"}],"replies":[{"embeddable":true,"href":"https:\/\/vivabasquet.com\/tienda\/wp-json\/wp\/v2\/comments?post=2492"}],"wp:featuredmedia":[{"embeddable":true,"href":"https:\/\/vivabasquet.com\/tienda\/wp-json\/wp\/v2\/media\/2498"}],"wp:attachment":[{"href":"https:\/\/vivabasquet.com\/tienda\/wp-json\/wp\/v2\/media?parent=2492"}],"wp:term":[{"taxonomy":"product_cat","embeddable":true,"href":"https:\/\/vivabasquet.com\/tienda\/wp-json\/wp\/v2\/product_cat?post=2492"},{"taxonomy":"product_tag","embeddable":true,"href":"https:\/\/vivabasquet.com\/tienda\/wp-json\/wp\/v2\/product_tag?post=2492"}],"curies":[{"name":"wp","href":"https:\/\/api.w.org\/{rel}","templated":true}]}}