{"id":253,"date":"2015-10-05T14:32:32","date_gmt":"2015-10-05T19:32:32","guid":{"rendered":"https:\/\/vivabasquet.com\/tienda\/producto\/playera-morada\/"},"modified":"2024-07-02T03:20:50","modified_gmt":"2024-07-02T08:20:50","slug":"playera-de-basquetbol-balon-giratorio","status":"publish","type":"product","link":"https:\/\/vivabasquet.com\/tienda\/product\/playera-de-basquetbol-balon-giratorio\/","title":{"rendered":"Playera De Basquetbol &#8211; Bal\u00f3n Giratorio"},"content":{"rendered":"<p>Playera para hombre color morado\u00a0con\u00a0dise\u00f1o de una mano girando un bal\u00f3n.<br \/>\n50% poli\u00e9ster 50% algod\u00f3n.<\/p>\n","protected":false},"excerpt":{"rendered":"<p>Playera para hombre color morado\u00a0con\u00a0dise\u00f1o de una mano girando un bal\u00f3n. 50% poli\u00e9ster 50% algod\u00f3n.<\/p>\n","protected":false},"featured_media":184,"comment_status":"open","ping_status":"closed","template":"","meta":{"pmpro_default_level":0},"product_cat":[258,274,134,126,272,141,127],"product_tag":[],"aioseo_notices":[],"_links":{"self":[{"href":"https:\/\/vivabasquet.com\/tienda\/wp-json\/wp\/v2\/product\/253"}],"collection":[{"href":"https:\/\/vivabasquet.com\/tienda\/wp-json\/wp\/v2\/product"}],"about":[{"href":"https:\/\/vivabasquet.com\/tienda\/wp-json\/wp\/v2\/types\/product"}],"replies":[{"embeddable":true,"href":"https:\/\/vivabasquet.com\/tienda\/wp-json\/wp\/v2\/comments?post=253"}],"wp:featuredmedia":[{"embeddable":true,"href":"https:\/\/vivabasquet.com\/tienda\/wp-json\/wp\/v2\/media\/184"}],"wp:attachment":[{"href":"https:\/\/vivabasquet.com\/tienda\/wp-json\/wp\/v2\/media?parent=253"}],"wp:term":[{"taxonomy":"product_cat","embeddable":true,"href":"https:\/\/vivabasquet.com\/tienda\/wp-json\/wp\/v2\/product_cat?post=253"},{"taxonomy":"product_tag","embeddable":true,"href":"https:\/\/vivabasquet.com\/tienda\/wp-json\/wp\/v2\/product_tag?post=253"}],"curies":[{"name":"wp","href":"https:\/\/api.w.org\/{rel}","templated":true}]}}