{"id":2600,"date":"2018-06-08T18:37:59","date_gmt":"2018-06-08T23:37:59","guid":{"rendered":"https:\/\/vivabasquet.com\/tienda\/?post_type=product&#038;p=2600"},"modified":"2022-03-08T17:18:30","modified_gmt":"2022-03-08T23:18:30","slug":"playera-de-basquetbol-padre-e-hijo-baloncito-fan","status":"publish","type":"product","link":"https:\/\/vivabasquet.com\/tienda\/product\/playera-de-basquetbol-padre-e-hijo-baloncito-fan\/","title":{"rendered":"Playera de Basquetbol &#8211; Padre e Hijo &#8220;Baloncito Fan&#8221;"},"content":{"rendered":"<p>Paquete del d\u00eda del padre con playeras para hombre y ni\u00f1o color blanco con dise\u00f1o Baloncito fan.<br \/>\n50% poli\u00e9ster 50% algod\u00f3n.<\/p>\n","protected":false},"excerpt":{"rendered":"<p>Paquete del d\u00eda del padre con playeras para hombre y ni\u00f1o color blanco con dise\u00f1o Baloncito soy tu fan. 50% poli\u00e9ster 50% algod\u00f3n.<\/p>\n","protected":false},"featured_media":2521,"comment_status":"open","ping_status":"closed","template":"","meta":{"pmpro_default_level":0},"product_cat":[258,126,141,127],"product_tag":[],"aioseo_notices":[],"_links":{"self":[{"href":"https:\/\/vivabasquet.com\/tienda\/wp-json\/wp\/v2\/product\/2600"}],"collection":[{"href":"https:\/\/vivabasquet.com\/tienda\/wp-json\/wp\/v2\/product"}],"about":[{"href":"https:\/\/vivabasquet.com\/tienda\/wp-json\/wp\/v2\/types\/product"}],"replies":[{"embeddable":true,"href":"https:\/\/vivabasquet.com\/tienda\/wp-json\/wp\/v2\/comments?post=2600"}],"wp:featuredmedia":[{"embeddable":true,"href":"https:\/\/vivabasquet.com\/tienda\/wp-json\/wp\/v2\/media\/2521"}],"wp:attachment":[{"href":"https:\/\/vivabasquet.com\/tienda\/wp-json\/wp\/v2\/media?parent=2600"}],"wp:term":[{"taxonomy":"product_cat","embeddable":true,"href":"https:\/\/vivabasquet.com\/tienda\/wp-json\/wp\/v2\/product_cat?post=2600"},{"taxonomy":"product_tag","embeddable":true,"href":"https:\/\/vivabasquet.com\/tienda\/wp-json\/wp\/v2\/product_tag?post=2600"}],"curies":[{"name":"wp","href":"https:\/\/api.w.org\/{rel}","templated":true}]}}