{"id":6588,"date":"2020-09-29T23:04:21","date_gmt":"2020-09-30T04:04:21","guid":{"rendered":"https:\/\/vivabasquet.com\/tienda\/test\/?post_type=product&#038;p=6588"},"modified":"2022-03-12T06:06:36","modified_gmt":"2022-03-12T12:06:36","slug":"playera-michael-jordan-edicion-especial","status":"publish","type":"product","link":"https:\/\/vivabasquet.com\/tienda\/product\/playera-michael-jordan-edicion-especial\/","title":{"rendered":"Playera Michael Jordan Edici\u00f3n Especial"},"content":{"rendered":"<p>Playera para hombre color negra con dise\u00f1o de la revista Viva Basquet, edici\u00f3n especial de Michael Jordan.<br \/>\n50% poli\u00e9ster 50% algod\u00f3n.<\/p>\n","protected":false},"excerpt":{"rendered":"<p>Playera para hombre color negra con dise\u00f1o de la revista Viva Basquet, edici\u00f3n especial de Michael Jordan. 50% poli\u00e9ster 50% algod\u00f3n.<\/p>\n","protected":false},"featured_media":6592,"comment_status":"open","ping_status":"closed","template":"","meta":{"pmpro_default_level":0},"product_cat":[258,274,134,250,126,272,141,127],"product_tag":[],"aioseo_notices":[],"_links":{"self":[{"href":"https:\/\/vivabasquet.com\/tienda\/wp-json\/wp\/v2\/product\/6588"}],"collection":[{"href":"https:\/\/vivabasquet.com\/tienda\/wp-json\/wp\/v2\/product"}],"about":[{"href":"https:\/\/vivabasquet.com\/tienda\/wp-json\/wp\/v2\/types\/product"}],"replies":[{"embeddable":true,"href":"https:\/\/vivabasquet.com\/tienda\/wp-json\/wp\/v2\/comments?post=6588"}],"wp:featuredmedia":[{"embeddable":true,"href":"https:\/\/vivabasquet.com\/tienda\/wp-json\/wp\/v2\/media\/6592"}],"wp:attachment":[{"href":"https:\/\/vivabasquet.com\/tienda\/wp-json\/wp\/v2\/media?parent=6588"}],"wp:term":[{"taxonomy":"product_cat","embeddable":true,"href":"https:\/\/vivabasquet.com\/tienda\/wp-json\/wp\/v2\/product_cat?post=6588"},{"taxonomy":"product_tag","embeddable":true,"href":"https:\/\/vivabasquet.com\/tienda\/wp-json\/wp\/v2\/product_tag?post=6588"}],"curies":[{"name":"wp","href":"https:\/\/api.w.org\/{rel}","templated":true}]}}