{"id":8257,"date":"2021-02-16T18:53:13","date_gmt":"2021-02-17T00:53:13","guid":{"rendered":"https:\/\/vivabasquet.com\/tienda\/?post_type=product&#038;p=8257"},"modified":"2021-02-17T20:56:20","modified_gmt":"2021-02-18T02:56:20","slug":"jersey-original-team-usa-firmado-por-kobe-bryant","status":"publish","type":"product","link":"https:\/\/vivabasquet.com\/tienda\/product\/jersey-original-team-usa-firmado-por-kobe-bryant\/","title":{"rendered":"Jersey original Team USA firmado por Kobe Bryant"},"content":{"rendered":"<p>Jersey original Team USA firmado por Kobe Bryant.<\/p>\n<p>Todos los art\u00edculos coleccionables autografiados aqu\u00ed vendidos cuentan con certificado de autenticidad de las mejores marcas del mercado, y as\u00ed garantizamos que todo lo que vendemos es 100% original.<\/p>\n","protected":false},"excerpt":{"rendered":"<p>Viene con certificado de autenticidad COA, marca PSA DNA.<\/p>\n<p>Todos los productos de memorabilia son \u00fanicos, por lo que es posible que la firma var\u00ede en color, tama\u00f1o o colocaci\u00f3n.<\/p>\n<p>Env\u00edo <strong>GRATIS<\/strong>. Tiempo estimado de entrega 10 d\u00edas h\u00e1biles.<\/p>\n","protected":false},"featured_media":8259,"comment_status":"open","ping_status":"closed","template":"","meta":{"pmpro_default_level":0},"product_cat":[259],"product_tag":[],"aioseo_notices":[],"_links":{"self":[{"href":"https:\/\/vivabasquet.com\/tienda\/wp-json\/wp\/v2\/product\/8257"}],"collection":[{"href":"https:\/\/vivabasquet.com\/tienda\/wp-json\/wp\/v2\/product"}],"about":[{"href":"https:\/\/vivabasquet.com\/tienda\/wp-json\/wp\/v2\/types\/product"}],"replies":[{"embeddable":true,"href":"https:\/\/vivabasquet.com\/tienda\/wp-json\/wp\/v2\/comments?post=8257"}],"wp:featuredmedia":[{"embeddable":true,"href":"https:\/\/vivabasquet.com\/tienda\/wp-json\/wp\/v2\/media\/8259"}],"wp:attachment":[{"href":"https:\/\/vivabasquet.com\/tienda\/wp-json\/wp\/v2\/media?parent=8257"}],"wp:term":[{"taxonomy":"product_cat","embeddable":true,"href":"https:\/\/vivabasquet.com\/tienda\/wp-json\/wp\/v2\/product_cat?post=8257"},{"taxonomy":"product_tag","embeddable":true,"href":"https:\/\/vivabasquet.com\/tienda\/wp-json\/wp\/v2\/product_tag?post=8257"}],"curies":[{"name":"wp","href":"https:\/\/api.w.org\/{rel}","templated":true}]}}